{"id":19151,"date":"2022-05-11T09:21:12","date_gmt":"2022-05-11T07:21:12","guid":{"rendered":"https:\/\/muratorimachines.com\/contactez-nous\/"},"modified":"2024-06-20T09:45:52","modified_gmt":"2024-06-20T07:45:52","slug":"kontakte","status":"publish","type":"page","link":"https:\/\/muratorimachines.com\/de\/kontakte\/","title":{"rendered":"Kontakte"},"content":{"rendered":"\t\t<div data-elementor-type=\"wp-page\" data-elementor-id=\"19151\" class=\"elementor elementor-19151 elementor-2566\" data-elementor-post-type=\"page\">\n\t\t\t\t<div class=\"elementor-element elementor-element-5f00b3e e-flex e-con-boxed e-con e-parent\" data-id=\"5f00b3e\" data-element_type=\"container\" data-settings=\"{&quot;jet_parallax_layout_list&quot;:[{&quot;jet_parallax_layout_image&quot;:{&quot;url&quot;:&quot;&quot;,&quot;id&quot;:&quot;&quot;,&quot;size&quot;:&quot;&quot;},&quot;_id&quot;:&quot;8fc5fa3&quot;,&quot;jet_parallax_layout_image_tablet&quot;:{&quot;url&quot;:&quot;&quot;,&quot;id&quot;:&quot;&quot;,&quot;size&quot;:&quot;&quot;},&quot;jet_parallax_layout_image_mobile&quot;:{&quot;url&quot;:&quot;&quot;,&quot;id&quot;:&quot;&quot;,&quot;size&quot;:&quot;&quot;},&quot;jet_parallax_layout_speed&quot;:{&quot;unit&quot;:&quot;%&quot;,&quot;size&quot;:50,&quot;sizes&quot;:[]},&quot;jet_parallax_layout_type&quot;:&quot;scroll&quot;,&quot;jet_parallax_layout_direction&quot;:null,&quot;jet_parallax_layout_fx_direction&quot;:null,&quot;jet_parallax_layout_z_index&quot;:&quot;&quot;,&quot;jet_parallax_layout_bg_x&quot;:50,&quot;jet_parallax_layout_bg_x_tablet&quot;:&quot;&quot;,&quot;jet_parallax_layout_bg_x_mobile&quot;:&quot;&quot;,&quot;jet_parallax_layout_bg_y&quot;:50,&quot;jet_parallax_layout_bg_y_tablet&quot;:&quot;&quot;,&quot;jet_parallax_layout_bg_y_mobile&quot;:&quot;&quot;,&quot;jet_parallax_layout_bg_size&quot;:&quot;auto&quot;,&quot;jet_parallax_layout_bg_size_tablet&quot;:&quot;&quot;,&quot;jet_parallax_layout_bg_size_mobile&quot;:&quot;&quot;,&quot;jet_parallax_layout_animation_prop&quot;:&quot;transform&quot;,&quot;jet_parallax_layout_on&quot;:[&quot;desktop&quot;,&quot;tablet&quot;]}],&quot;background_background&quot;:&quot;classic&quot;}\">\n\t\t\t\t\t<div class=\"e-con-inner\">\n\t\t<div class=\"elementor-element elementor-element-d73510d e-con-full e-flex e-con e-child\" data-id=\"d73510d\" data-element_type=\"container\" data-settings=\"{&quot;jet_parallax_layout_list&quot;:[]}\">\n\t\t\t\t<div class=\"elementor-element elementor-element-72edd17 elementor-widget elementor-widget-heading\" data-id=\"72edd17\" data-element_type=\"widget\" data-widget_type=\"heading.default\">\n\t\t\t\t<div class=\"elementor-widget-container\">\n\t\t\t\t\t<h2 class=\"elementor-heading-title elementor-size-default\">Schreib uns<\/h2>\t\t\t\t<\/div>\n\t\t\t\t<\/div>\n\t\t\t\t<div class=\"elementor-element elementor-element-af59f04 elementor-widget elementor-widget-text-editor\" data-id=\"af59f04\" data-element_type=\"widget\" data-widget_type=\"text-editor.default\">\n\t\t\t\t<div class=\"elementor-widget-container\">\n\t\t\t\t\t\t\t\t\t<p>Wie k\u00f6nnen wir Ihren Produktionsprozess verbessern?<br \/>Kontaktieren Sie uns, und lassen Sie uns gemeinsam dar\u00fcber sprechen!<\/p>\t\t\t\t\t\t\t\t<\/div>\n\t\t\t\t<\/div>\n\t\t\t\t<div class=\"elementor-element elementor-element-96d8e40 elementor-widget elementor-widget-html\" data-id=\"96d8e40\" data-element_type=\"widget\" data-widget_type=\"html.default\">\n\t\t\t\t<div class=\"elementor-widget-container\">\n\t\t\t\t\t<!--[if lte IE 8]>\n<script charset=\"utf-8\" type=\"text\/javascript\" src=\"https:\/\/js-eu1.hsforms.net\/forms\/v2-legacy.js\"><\/script>\n<![endif]-->\n<script class=\"_iub_cs_activate-inline\" type=\"text\/plain\" data-iub-purposes=\"5\">\n  const script = document.createElement('script');\n    script.src = 'https:\/\/js-eu1.hsforms.net\/forms\/v2.js';\n    script.onload = function() {\n        hbspt.forms.create({\n          region: \"eu1\",\n          portalId: \"25630188\",\n          formId: \"4bdf54d6-84d5-43ed-a310-58f8d5c4e8ad\"\n        });\n    }\n    document.head.appendChild(script);\n<\/script>\t\t\t\t<\/div>\n\t\t\t\t<\/div>\n\t\t\t\t<div class=\"elementor-element elementor-element-f279b25 elementor-widget elementor-widget-heading\" data-id=\"f279b25\" data-element_type=\"widget\" data-widget_type=\"heading.default\">\n\t\t\t\t<div class=\"elementor-widget-container\">\n\t\t\t\t\t<h2 class=\"elementor-heading-title elementor-size-default\">Service und Support<\/h2>\t\t\t\t<\/div>\n\t\t\t\t<\/div>\n\t\t\t\t<div class=\"elementor-element elementor-element-5ed2e47 elementor-widget elementor-widget-text-editor\" data-id=\"5ed2e47\" data-element_type=\"widget\" data-widget_type=\"text-editor.default\">\n\t\t\t\t<div class=\"elementor-widget-container\">\n\t\t\t\t\t\t\t\t\t<p>Wenn Sie den Dienst kontaktieren m\u00f6chten, schreiben Sie bitte direkt an:<\/p><p><strong>Support HQ<\/strong><br \/><a href=\"mailto:support@muratorimachines.com\">support@muratorimachines.com<\/a><\/p><p><strong>Support Muratori Machines North America<\/strong><br \/><a href=\"mailto:support.na@muratorimachines.com\">support.na@muratorimachines.com<\/a><\/p>\t\t\t\t\t\t\t\t<\/div>\n\t\t\t\t<\/div>\n\t\t\t\t<\/div>\n\t\t\t\t\t<\/div>\n\t\t\t\t<\/div>\n\t\t<div class=\"elementor-element elementor-element-d45ca92 e-flex e-con-boxed e-con e-parent\" data-id=\"d45ca92\" data-element_type=\"container\" data-settings=\"{&quot;jet_parallax_layout_list&quot;:[{&quot;jet_parallax_layout_image&quot;:{&quot;url&quot;:&quot;&quot;,&quot;id&quot;:&quot;&quot;,&quot;size&quot;:&quot;&quot;},&quot;_id&quot;:&quot;c3c35b3&quot;,&quot;jet_parallax_layout_image_tablet&quot;:{&quot;url&quot;:&quot;&quot;,&quot;id&quot;:&quot;&quot;,&quot;size&quot;:&quot;&quot;},&quot;jet_parallax_layout_image_mobile&quot;:{&quot;url&quot;:&quot;&quot;,&quot;id&quot;:&quot;&quot;,&quot;size&quot;:&quot;&quot;},&quot;jet_parallax_layout_speed&quot;:{&quot;unit&quot;:&quot;%&quot;,&quot;size&quot;:50,&quot;sizes&quot;:[]},&quot;jet_parallax_layout_type&quot;:&quot;scroll&quot;,&quot;jet_parallax_layout_direction&quot;:null,&quot;jet_parallax_layout_fx_direction&quot;:null,&quot;jet_parallax_layout_z_index&quot;:&quot;&quot;,&quot;jet_parallax_layout_bg_x&quot;:50,&quot;jet_parallax_layout_bg_x_tablet&quot;:&quot;&quot;,&quot;jet_parallax_layout_bg_x_mobile&quot;:&quot;&quot;,&quot;jet_parallax_layout_bg_y&quot;:50,&quot;jet_parallax_layout_bg_y_tablet&quot;:&quot;&quot;,&quot;jet_parallax_layout_bg_y_mobile&quot;:&quot;&quot;,&quot;jet_parallax_layout_bg_size&quot;:&quot;auto&quot;,&quot;jet_parallax_layout_bg_size_tablet&quot;:&quot;&quot;,&quot;jet_parallax_layout_bg_size_mobile&quot;:&quot;&quot;,&quot;jet_parallax_layout_animation_prop&quot;:&quot;transform&quot;,&quot;jet_parallax_layout_on&quot;:[&quot;desktop&quot;,&quot;tablet&quot;]}]}\">\n\t\t\t\t\t<div class=\"e-con-inner\">\n\t\t<div class=\"elementor-element elementor-element-cd1bd04 e-con-full e-flex e-con e-child\" data-id=\"cd1bd04\" data-element_type=\"container\" data-settings=\"{&quot;jet_parallax_layout_list&quot;:[]}\">\n\t\t\t\t<div class=\"elementor-element elementor-element-8ea4792 elementor-widget elementor-widget-text-editor\" data-id=\"8ea4792\" data-element_type=\"widget\" data-widget_type=\"text-editor.default\">\n\t\t\t\t<div class=\"elementor-widget-container\">\n\t\t\t\t\t\t\t\t\t<p><b>Muratori Machines Srl<br \/><\/b>Via Tane di Baragone, 11<br \/>47899 Serravalle Loc. Galazzano<br \/>Republik San Marino<\/p><p>Tel. +378 0549 900720<br \/>Fax +378 0549 905155<\/p>\t\t\t\t\t\t\t\t<\/div>\n\t\t\t\t<\/div>\n\t\t\t\t<\/div>\n\t\t<div class=\"elementor-element elementor-element-545a042 e-con-full e-flex e-con e-child\" data-id=\"545a042\" data-element_type=\"container\" data-settings=\"{&quot;jet_parallax_layout_list&quot;:[]}\">\n\t\t\t\t<div class=\"elementor-element elementor-element-de5e4a0 elementor-widget elementor-widget-google_maps\" data-id=\"de5e4a0\" data-element_type=\"widget\" data-widget_type=\"google_maps.default\">\n\t\t\t\t<div class=\"elementor-widget-container\">\n\t\t\t\t\t\t\t<div class=\"elementor-custom-embed\">\n\t\t\t<iframe loading=\"lazy\"\n\t\t\t\t\tsrc=\"https:\/\/maps.google.com\/maps?q=Casadei%20Industria%20Alu%20Srl%2C%20Via%20Tane%20di%20Baragone%2C%20San%20Marino&#038;t=m&#038;z=14&#038;output=embed&#038;iwloc=near\"\n\t\t\t\t\ttitle=\"Casadei Industria Alu Srl, Via Tane di Baragone, San Marino\"\n\t\t\t\t\taria-label=\"Casadei Industria Alu Srl, Via Tane di Baragone, San Marino\"\n\t\t\t><\/iframe>\n\t\t<\/div>\n\t\t\t\t\t\t<\/div>\n\t\t\t\t<\/div>\n\t\t\t\t<\/div>\n\t\t\t\t\t<\/div>\n\t\t\t\t<\/div>\n\t\t\t\t<\/div>\n\t\t","protected":false},"excerpt":{"rendered":"<p>Schreib uns Wie k\u00f6nnen wir Ihren Produktionsprozess verbessern?Kontaktieren Sie uns, und lassen Sie uns gemeinsam dar\u00fcber sprechen! Service und Support Wenn Sie den Dienst kontaktieren m\u00f6chten, schreiben Sie bitte direkt an: Support HQsupport@muratorimachines.com Support Muratori Machines North Americasupport.na@muratorimachines.com Muratori Machines SrlVia Tane di Baragone, 1147899 Serravalle Loc. GalazzanoRepublik San Marino Tel. +378 0549 900720Fax +378 [&hellip;]<\/p>\n","protected":false},"author":7,"featured_media":0,"parent":0,"menu_order":0,"comment_status":"closed","ping_status":"closed","template":"","meta":{"_acf_changed":false,"content-type":"","inline_featured_image":false,"footnotes":""},"class_list":["post-19151","page","type-page","status-publish","hentry"],"acf":[],"_links":{"self":[{"href":"https:\/\/muratorimachines.com\/de\/wp-json\/wp\/v2\/pages\/19151","targetHints":{"allow":["GET"]}}],"collection":[{"href":"https:\/\/muratorimachines.com\/de\/wp-json\/wp\/v2\/pages"}],"about":[{"href":"https:\/\/muratorimachines.com\/de\/wp-json\/wp\/v2\/types\/page"}],"author":[{"embeddable":true,"href":"https:\/\/muratorimachines.com\/de\/wp-json\/wp\/v2\/users\/7"}],"replies":[{"embeddable":true,"href":"https:\/\/muratorimachines.com\/de\/wp-json\/wp\/v2\/comments?post=19151"}],"version-history":[{"count":7,"href":"https:\/\/muratorimachines.com\/de\/wp-json\/wp\/v2\/pages\/19151\/revisions"}],"predecessor-version":[{"id":20514,"href":"https:\/\/muratorimachines.com\/de\/wp-json\/wp\/v2\/pages\/19151\/revisions\/20514"}],"wp:attachment":[{"href":"https:\/\/muratorimachines.com\/de\/wp-json\/wp\/v2\/media?parent=19151"}],"curies":[{"name":"wp","href":"https:\/\/api.w.org\/{rel}","templated":true}]}}